{"id":13769,"date":"2023-03-30T11:37:06","date_gmt":"2023-03-30T02:37:06","guid":{"rendered":"https:\/\/demo.wpthemego.com\/themes\/sw_emarket\/layout59\/?page_id=13769"},"modified":"2024-05-20T19:23:21","modified_gmt":"2024-05-20T19:23:21","slug":"quem-somos","status":"publish","type":"page","link":"https:\/\/costabrasilbeachwear.com.br\/index.php\/quem-somos\/","title":{"rendered":"Quem Somos"},"content":{"rendered":"\t\t<div data-elementor-type=\"wp-page\" data-elementor-id=\"13769\" class=\"elementor elementor-13769\" data-elementor-post-type=\"page\">\n\t\t\t\t\t\t<section class=\"elementor-section elementor-top-section elementor-element elementor-element-972659f elementor-section-boxed elementor-section-height-default elementor-section-height-default elementor-invisible\" data-id=\"972659f\" data-element_type=\"section\" data-settings=\"{&quot;animation&quot;:&quot;fadeInUp&quot;}\">\n\t\t\t\t\t\t<div class=\"elementor-container elementor-column-gap-default\">\n\t\t\t\t\t<div class=\"elementor-column elementor-col-100 elementor-top-column elementor-element elementor-element-d218ab1\" data-id=\"d218ab1\" data-element_type=\"column\">\n\t\t\t<div class=\"elementor-widget-wrap elementor-element-populated\">\n\t\t\t\t\t\t<div class=\"elementor-element elementor-element-c9800d9 elementor-widget elementor-widget-video\" data-id=\"c9800d9\" data-element_type=\"widget\" data-settings=\"{&quot;video_type&quot;:&quot;hosted&quot;,&quot;autoplay&quot;:&quot;yes&quot;,&quot;play_on_mobile&quot;:&quot;yes&quot;,&quot;controls&quot;:&quot;yes&quot;}\" data-widget_type=\"video.default\">\n\t\t\t\t<div class=\"elementor-widget-container\">\n\t\t\t<style>\/*! elementor - v3.21.0 - 08-05-2024 *\/\n.elementor-widget-video .elementor-widget-container{overflow:hidden;transform:translateZ(0)}.elementor-widget-video .elementor-wrapper{aspect-ratio:var(--video-aspect-ratio)}.elementor-widget-video .elementor-wrapper iframe,.elementor-widget-video .elementor-wrapper video{height:100%;width:100%;display:flex;border:none;background-color:#000}@supports not (aspect-ratio:1\/1){.elementor-widget-video .elementor-wrapper{position:relative;overflow:hidden;height:0;padding-bottom:calc(100% \/ var(--video-aspect-ratio))}.elementor-widget-video .elementor-wrapper iframe,.elementor-widget-video .elementor-wrapper video{position:absolute;top:0;right:0;bottom:0;left:0}}.elementor-widget-video .elementor-open-inline .elementor-custom-embed-image-overlay{position:absolute;top:0;right:0;bottom:0;left:0;background-size:cover;background-position:50%}.elementor-widget-video .elementor-custom-embed-image-overlay{cursor:pointer;text-align:center}.elementor-widget-video .elementor-custom-embed-image-overlay:hover .elementor-custom-embed-play i{opacity:1}.elementor-widget-video .elementor-custom-embed-image-overlay img{display:block;width:100%;aspect-ratio:var(--video-aspect-ratio);-o-object-fit:cover;object-fit:cover;-o-object-position:center center;object-position:center center}@supports not (aspect-ratio:1\/1){.elementor-widget-video .elementor-custom-embed-image-overlay{position:relative;overflow:hidden;height:0;padding-bottom:calc(100% \/ var(--video-aspect-ratio))}.elementor-widget-video .elementor-custom-embed-image-overlay img{position:absolute;top:0;right:0;bottom:0;left:0}}.elementor-widget-video .e-hosted-video .elementor-video{-o-object-fit:cover;object-fit:cover}.e-con-inner>.elementor-widget-video,.e-con>.elementor-widget-video{width:var(--container-widget-width);--flex-grow:var(--container-widget-flex-grow)}<\/style>\t\t<div class=\"e-hosted-video elementor-wrapper elementor-open-inline\">\n\t\t\t\t\t<video class=\"elementor-video\" src=\"https:\/\/costabrasilbeachwear.com.br\/wp-content\/uploads\/2024\/05\/Copia-de-video-costa-brasil.mp4\" autoplay=\"\" controls=\"\" playsinline=\"\" controlsList=\"nodownload\"><\/video>\n\t\t\t\t<\/div>\n\t\t\t\t<\/div>\n\t\t\t\t<\/div>\n\t\t\t\t\t<\/div>\n\t\t<\/div>\n\t\t\t\t\t<\/div>\n\t\t<\/section>\n\t\t\t\t<section class=\"elementor-section elementor-top-section elementor-element elementor-element-d6a5577 elementor-section-boxed elementor-section-height-default elementor-section-height-default\" data-id=\"d6a5577\" data-element_type=\"section\">\n\t\t\t\t\t\t<div class=\"elementor-container elementor-column-gap-default\">\n\t\t\t\t\t<div class=\"elementor-column elementor-col-100 elementor-top-column elementor-element elementor-element-7da9b3e\" data-id=\"7da9b3e\" data-element_type=\"column\">\n\t\t\t<div class=\"elementor-widget-wrap elementor-element-populated\">\n\t\t\t\t\t\t<div class=\"elementor-element elementor-element-df6735e elementor-widget__width-inherit elementor-invisible elementor-widget elementor-widget-heading\" data-id=\"df6735e\" data-element_type=\"widget\" data-settings=\"{&quot;_animation&quot;:&quot;fadeInDown&quot;}\" data-widget_type=\"heading.default\">\n\t\t\t\t<div class=\"elementor-widget-container\">\n\t\t\t<style>\/*! elementor - v3.21.0 - 08-05-2024 *\/\n.elementor-heading-title{padding:0;margin:0;line-height:1}.elementor-widget-heading .elementor-heading-title[class*=elementor-size-]>a{color:inherit;font-size:inherit;line-height:inherit}.elementor-widget-heading .elementor-heading-title.elementor-size-small{font-size:15px}.elementor-widget-heading .elementor-heading-title.elementor-size-medium{font-size:19px}.elementor-widget-heading .elementor-heading-title.elementor-size-large{font-size:29px}.elementor-widget-heading .elementor-heading-title.elementor-size-xl{font-size:39px}.elementor-widget-heading .elementor-heading-title.elementor-size-xxl{font-size:59px}<\/style><h2 class=\"elementor-heading-title elementor-size-default\">QUEM  SOMOS<\/h2>\t\t<\/div>\n\t\t\t\t<\/div>\n\t\t\t\t<div class=\"elementor-element elementor-element-67bce1e elementor-invisible elementor-widget elementor-widget-heading\" data-id=\"67bce1e\" data-element_type=\"widget\" data-settings=\"{&quot;_animation&quot;:&quot;fadeInDown&quot;}\" data-widget_type=\"heading.default\">\n\t\t\t\t<div class=\"elementor-widget-container\">\n\t\t\t<div class=\"elementor-heading-title elementor-size-default\">H\u00e1 anos oferecendo o que h\u00e1 de melhor em Moda Praia, a marca costa brasil leva sua assinatura exclusiva em pe\u00e7as que valorizam a beleza, o conforto e a modernidade.\n\nSentir-se bem consigo mesmo \u00e9 estar de bem com a vida. E \u00e9 esse magnetismo que continuamente trazemos para as cole\u00e7\u00f5es \u2013 sempre destacando as tend\u00eancias da moda, em estampas que sintetizem qualidade, inova\u00e7\u00e3o, praticidade e, claro, felicidade.\n\nO melhor da moda praia capixaba. Confec\u00e7\u00f5es exclusivas e grande variedades de modelos e cores.<\/div>\t\t<\/div>\n\t\t\t\t<\/div>\n\t\t\t\t\t<\/div>\n\t\t<\/div>\n\t\t\t\t\t<\/div>\n\t\t<\/section>\n\t\t\t\t<\/div>\n\t\t","protected":false},"excerpt":{"rendered":"<p>https:\/\/costabrasilbeachwear.com.br\/wp-content\/uploads\/2024\/05\/Copia-de-video-costa-brasil.mp4 QUEM SOMOS H\u00e1 anos oferecendo o que h\u00e1 de melhor em Moda Praia, a marca costa brasil leva sua assinatura exclusiva em pe\u00e7as que valorizam a beleza, o conforto e a modernidade. Sentir-se bem consigo mesmo \u00e9 estar de &hellip; <a href=\"https:\/\/costabrasilbeachwear.com.br\/index.php\/quem-somos\/\">Consulte Mais informa\u00e7\u00e3o<\/a><\/p>\n","protected":false},"author":1,"featured_media":0,"parent":0,"menu_order":0,"comment_status":"closed","ping_status":"closed","template":"","meta":{"footnotes":""},"class_list":["post-13769","page","type-page","status-publish","hentry"],"_links":{"self":[{"href":"https:\/\/costabrasilbeachwear.com.br\/index.php\/wp-json\/wp\/v2\/pages\/13769","targetHints":{"allow":["GET"]}}],"collection":[{"href":"https:\/\/costabrasilbeachwear.com.br\/index.php\/wp-json\/wp\/v2\/pages"}],"about":[{"href":"https:\/\/costabrasilbeachwear.com.br\/index.php\/wp-json\/wp\/v2\/types\/page"}],"author":[{"embeddable":true,"href":"https:\/\/costabrasilbeachwear.com.br\/index.php\/wp-json\/wp\/v2\/users\/1"}],"replies":[{"embeddable":true,"href":"https:\/\/costabrasilbeachwear.com.br\/index.php\/wp-json\/wp\/v2\/comments?post=13769"}],"version-history":[{"count":14,"href":"https:\/\/costabrasilbeachwear.com.br\/index.php\/wp-json\/wp\/v2\/pages\/13769\/revisions"}],"predecessor-version":[{"id":18183,"href":"https:\/\/costabrasilbeachwear.com.br\/index.php\/wp-json\/wp\/v2\/pages\/13769\/revisions\/18183"}],"wp:attachment":[{"href":"https:\/\/costabrasilbeachwear.com.br\/index.php\/wp-json\/wp\/v2\/media?parent=13769"}],"curies":[{"name":"wp","href":"https:\/\/api.w.org\/{rel}","templated":true}]}}